{"id":45,"date":"2020-01-04T15:43:14","date_gmt":"2020-01-04T15:43:14","guid":{"rendered":"http:\/\/simone-plaetzmueller.com\/?page_id=45"},"modified":"2024-09-25T19:01:55","modified_gmt":"2024-09-25T19:01:55","slug":"ueber-mich","status":"publish","type":"page","link":"https:\/\/simone-plaetzmueller.com\/?page_id=45","title":{"rendered":""},"content":{"rendered":"\t\t<div data-elementor-type=\"wp-page\" data-elementor-id=\"45\" class=\"elementor elementor-45\">\n\t\t\t\t\t\t<section class=\"elementor-section elementor-top-section elementor-element elementor-element-2098f0ac elementor-section-boxed elementor-section-height-default elementor-section-height-default\" data-id=\"2098f0ac\" data-element_type=\"section\" data-e-type=\"section\">\n\t\t\t\t\t\t<div class=\"elementor-container elementor-column-gap-default\">\n\t\t\t\t\t<div class=\"elementor-column elementor-col-100 elementor-top-column elementor-element elementor-element-4689245d\" data-id=\"4689245d\" data-element_type=\"column\" data-e-type=\"column\">\n\t\t\t<div class=\"elementor-widget-wrap elementor-element-populated\">\n\t\t\t\t\t\t<div class=\"elementor-element elementor-element-2be2ae0c elementor-widget elementor-widget-text-editor\" data-id=\"2be2ae0c\" data-element_type=\"widget\" data-e-type=\"widget\" data-widget_type=\"text-editor.default\">\n\t\t\t\t<div class=\"elementor-widget-container\">\n\t\t\t\t\t\t\t\t\t<p><\/p>\n<blockquote class=\"wp-block-quote is-layout-flow wp-block-quote-is-layout-flow\">\n<h2 style=\"text-align: center;\"><span style=\"color: #33a7a4;\"><strong>Es ist an der Zeit etwas in uns zu bewegen. Psychologisches Coaching muss raus aus der Schublade und rein in unsere K\u00f6pfe.<\/strong> \u00a0<\/span><\/h2>\n<h5 style=\"text-align: center;\"><span style=\"color: #33a7a4;\"><cite>Simone Pl\u00e4tzm\u00fcller, psychological Coach<\/cite><\/span><\/h5>\n<\/blockquote>\n<p><\/p>\n<p><\/p>\n<p>\u00a0<\/p>\n<p><\/p>\n<p>\u00a0<\/p>\t\t\t\t\t\t\t\t<\/div>\n\t\t\t\t<\/div>\n\t\t\t\t\t<\/div>\n\t\t<\/div>\n\t\t\t\t\t<\/div>\n\t\t<\/section>\n\t\t\t\t<section class=\"elementor-section elementor-top-section elementor-element elementor-element-f7ea55a elementor-section-boxed elementor-section-height-default elementor-section-height-default\" data-id=\"f7ea55a\" data-element_type=\"section\" data-e-type=\"section\">\n\t\t\t\t\t\t<div class=\"elementor-container elementor-column-gap-default\">\n\t\t\t\t\t<div class=\"elementor-column elementor-col-66 elementor-top-column elementor-element elementor-element-5d0326a\" data-id=\"5d0326a\" data-element_type=\"column\" data-e-type=\"column\">\n\t\t\t<div class=\"elementor-widget-wrap elementor-element-populated\">\n\t\t\t\t\t\t<div class=\"elementor-element elementor-element-9f76fd4 elementor-widget elementor-widget-image\" data-id=\"9f76fd4\" data-element_type=\"widget\" data-e-type=\"widget\" data-widget_type=\"image.default\">\n\t\t\t\t<div class=\"elementor-widget-container\">\n\t\t\t\t\t\t\t\t\t\t\t\t\t\t\t<img fetchpriority=\"high\" decoding=\"async\" width=\"768\" height=\"1024\" src=\"http:\/\/simone-plaetzmueller.com\/wp-content\/uploads\/2024\/06\/Foto-Simone-768x1024.jpeg\" class=\"attachment-medium_large size-medium_large wp-image-478\" alt=\"\" srcset=\"http:\/\/simone-plaetzmueller.com\/wp-content\/uploads\/2024\/06\/Foto-Simone-768x1024.jpeg 768w, http:\/\/simone-plaetzmueller.com\/wp-content\/uploads\/2024\/06\/Foto-Simone-225x300.jpeg 225w, http:\/\/simone-plaetzmueller.com\/wp-content\/uploads\/2024\/06\/Foto-Simone-1152x1536.jpeg 1152w, http:\/\/simone-plaetzmueller.com\/wp-content\/uploads\/2024\/06\/Foto-Simone-1536x2048.jpeg 1536w, http:\/\/simone-plaetzmueller.com\/wp-content\/uploads\/2024\/06\/Foto-Simone.jpeg 1815w\" sizes=\"(max-width: 768px) 100vw, 768px\" \/>\t\t\t\t\t\t\t\t\t\t\t\t\t\t\t<\/div>\n\t\t\t\t<\/div>\n\t\t\t\t\t<\/div>\n\t\t<\/div>\n\t\t\t\t<div class=\"elementor-column elementor-col-33 elementor-top-column elementor-element elementor-element-ce8f18c\" data-id=\"ce8f18c\" data-element_type=\"column\" data-e-type=\"column\">\n\t\t\t<div class=\"elementor-widget-wrap elementor-element-populated\">\n\t\t\t\t\t\t<div class=\"elementor-element elementor-element-5335331 elementor-widget elementor-widget-text-editor\" data-id=\"5335331\" data-element_type=\"widget\" data-e-type=\"widget\" data-widget_type=\"text-editor.default\">\n\t\t\t\t<div class=\"elementor-widget-container\">\n\t\t\t\t\t\t\t\t\t<h2 class=\"elementor-heading-title elementor-size-default elementor-inline-editing pen\" style=\"font-family: Roboto, sans-serif; font-style: normal; font-weight: 600; letter-spacing: normal; color: #00a99d; text-align: left;\" data-elementor-setting-key=\"title\" data-pen-placeholder=\"Eingabe hier...\">\u00a0<\/h2>\n<h2 class=\"elementor-heading-title elementor-size-default elementor-inline-editing pen\" style=\"font-family: Roboto, sans-serif; font-style: normal; font-weight: 600; letter-spacing: normal; color: #00a99d; text-align: left;\" data-elementor-setting-key=\"title\" data-pen-placeholder=\"Eingabe hier...\">\u00a0<\/h2>\n<h2 class=\"elementor-heading-title elementor-size-default elementor-inline-editing pen\" style=\"font-family: Roboto, sans-serif; font-style: normal; font-weight: 600; letter-spacing: normal; color: #00a99d; text-align: left;\" data-elementor-setting-key=\"title\" data-pen-placeholder=\"Eingabe hier...\">Sch\u00f6n, dass wir uns kennenlernen! Ich bin Simone.<\/h2>\n<div>\u00a0<\/div>\n<h5 style=\"font-style: normal; letter-spacing: normal;\"><span style=\"font-family: Raleway, sans-serif; font-size: 18px; font-style: normal;\">Ich bin Wirtschaftspsychologin, psychological Coach und Inhaberin der Marke Fyll Find your lifelevel\u00ae. Mein Spezialgebiet ist psychologisches Konfliktcoaching.\u00a0<\/span><\/h5>\n<h5 style=\"font-style: normal; letter-spacing: normal;\">Ich lebe mit meinem Mann Sebastian und unseren kleinen S\u00f6hnen Jonne und Mare in unserem Traumhaus im sch\u00f6nen M\u00fcnsterland. Wie andere sagen, sie h\u00e4tten fr\u00fch angefangen zu singen, so habe ich mich schon immer f\u00fcr Psychologie interessiert und besch\u00e4ftige mich seit mehr als 18 Jahren aktiv damit.\u00a0<\/h5>\n<h5 style=\"font-style: normal; letter-spacing: normal;\">2019 habe ich dann den Schritt in die Selbst\u00e4ndigkeit gewagt und durfte seitdem schon viele spannende Konflikte psychologisch begleiten.<\/h5>\n<h5 style=\"font-style: normal; letter-spacing: normal;\">Wenn ich nicht gerade coache, bin ich gerne auf Reisen. Au\u00dferdem ist &#8222;Kreativ sein&#8220; eines meiner liebsten Hobbies.<\/h5>\n<h5 style=\"font-style: normal; letter-spacing: normal;\">Hier bist du nun und ich bin auch hier. Zufall?<\/h5>\t\t\t\t\t\t\t\t<\/div>\n\t\t\t\t<\/div>\n\t\t\t\t\t<\/div>\n\t\t<\/div>\n\t\t\t\t\t<\/div>\n\t\t<\/section>\n\t\t\t\t<section class=\"elementor-section elementor-top-section elementor-element elementor-element-c943322 elementor-section-boxed elementor-section-height-default elementor-section-height-default\" data-id=\"c943322\" data-element_type=\"section\" data-e-type=\"section\">\n\t\t\t\t\t\t<div class=\"elementor-container elementor-column-gap-default\">\n\t\t\t\t\t<div class=\"elementor-column elementor-col-100 elementor-top-column elementor-element elementor-element-7ac6a2b\" data-id=\"7ac6a2b\" data-element_type=\"column\" data-e-type=\"column\">\n\t\t\t<div class=\"elementor-widget-wrap elementor-element-populated\">\n\t\t\t\t\t\t<div class=\"elementor-element elementor-element-176e7e9 elementor-widget elementor-widget-text-editor\" data-id=\"176e7e9\" data-element_type=\"widget\" data-e-type=\"widget\" data-widget_type=\"text-editor.default\">\n\t\t\t\t<div class=\"elementor-widget-container\">\n\t\t\t\t\t\t\t\t\t<h5 style=\"line-height: normal; text-align: center;\"><span style=\"font-size: 14pt; color: var( --e-global-color-text ); letter-spacing: 0px;\">Noch etwas zu mir: Menschen bei denen alles glatt l\u00e4uft find ich langweilig! Ich bekomme jetzt schon Lust\u00a0<\/span>auf deine Probleme und deine einzigartige Lebensgeschichte.<\/h5>\t\t\t\t\t\t\t\t<\/div>\n\t\t\t\t<\/div>\n\t\t\t\t\t<\/div>\n\t\t<\/div>\n\t\t\t\t\t<\/div>\n\t\t<\/section>\n\t\t\t\t<section class=\"elementor-section elementor-top-section elementor-element elementor-element-8e6a9b2 elementor-section-boxed elementor-section-height-default elementor-section-height-default\" data-id=\"8e6a9b2\" data-element_type=\"section\" data-e-type=\"section\">\n\t\t\t\t\t\t<div class=\"elementor-container elementor-column-gap-default\">\n\t\t\t\t\t<div class=\"elementor-column elementor-col-100 elementor-top-column elementor-element elementor-element-36f550b\" data-id=\"36f550b\" data-element_type=\"column\" data-e-type=\"column\">\n\t\t\t<div class=\"elementor-widget-wrap elementor-element-populated\">\n\t\t\t\t\t\t<div class=\"elementor-element elementor-element-d71744c elementor-widget-divider--view-line elementor-widget elementor-widget-divider\" data-id=\"d71744c\" data-element_type=\"widget\" data-e-type=\"widget\" data-widget_type=\"divider.default\">\n\t\t\t\t<div class=\"elementor-widget-container\">\n\t\t\t\t\t\t\t<div class=\"elementor-divider\">\n\t\t\t<span class=\"elementor-divider-separator\">\n\t\t\t\t\t\t<\/span>\n\t\t<\/div>\n\t\t\t\t\t\t<\/div>\n\t\t\t\t<\/div>\n\t\t\t\t\t<\/div>\n\t\t<\/div>\n\t\t\t\t\t<\/div>\n\t\t<\/section>\n\t\t\t\t<section class=\"elementor-section elementor-top-section elementor-element elementor-element-a335567 elementor-section-boxed elementor-section-height-default elementor-section-height-default\" data-id=\"a335567\" data-element_type=\"section\" data-e-type=\"section\">\n\t\t\t\t\t\t<div class=\"elementor-container elementor-column-gap-default\">\n\t\t\t\t\t<div class=\"elementor-column elementor-col-33 elementor-top-column elementor-element elementor-element-0eaee1e\" data-id=\"0eaee1e\" data-element_type=\"column\" data-e-type=\"column\">\n\t\t\t<div class=\"elementor-widget-wrap elementor-element-populated\">\n\t\t\t\t\t\t<div class=\"elementor-element elementor-element-994046c elementor-widget elementor-widget-heading\" data-id=\"994046c\" data-element_type=\"widget\" data-e-type=\"widget\" data-widget_type=\"heading.default\">\n\t\t\t\t<div class=\"elementor-widget-container\">\n\t\t\t\t\t<h2 class=\"elementor-heading-title elementor-size-default\">Was mich als Mensch und Coach ausmacht<\/h2>\t\t\t\t<\/div>\n\t\t\t\t<\/div>\n\t\t\t\t\t<\/div>\n\t\t<\/div>\n\t\t\t\t<div class=\"elementor-column elementor-col-66 elementor-top-column elementor-element elementor-element-3b5aa72\" data-id=\"3b5aa72\" data-element_type=\"column\" data-e-type=\"column\">\n\t\t\t<div class=\"elementor-widget-wrap elementor-element-populated\">\n\t\t\t\t\t\t<div class=\"elementor-element elementor-element-2de8df9 elementor-widget__width-initial elementor-widget elementor-widget-text-editor\" data-id=\"2de8df9\" data-element_type=\"widget\" data-e-type=\"widget\" data-widget_type=\"text-editor.default\">\n\t\t\t\t<div class=\"elementor-widget-container\">\n\t\t\t\t\t\t\t\t\t<h5>Als\u00a0psychologischer\u00a0Konfliktcoach\u00a0bin\u00a0ich\u00a0darauf\u00a0spezialisiert,\u00a0<br \/>Menschen\u00a0dabei\u00a0zu\u00a0unterst\u00fctzen,\u00a0Konflikte\u00a0zu\u00a0erkennen,\u00a0zu\u00a0verstehen\u00a0<br \/>und\u00a0konstruktiv\u00a0zu\u00a0l\u00f6sen.<\/h5>\n<h5>Was\u00a0mich\u00a0ausmacht,\u00a0ist\u00a0meine\u00a0F\u00e4higkeit,\u00a0Empathie\u00a0und\u00a0Verst\u00e4ndnis\u00a0<br \/>f\u00fcr\u00a0die\u00a0emotionalen\u00a0und\u00a0psychologischen\u00a0Aspekte\u00a0von\u00a0Konflikten\u00a0<br \/>zu\u00a0zeigen.\u00a0Ich\u00a0glaube\u00a0fest\u00a0daran,\u00a0dass\u00a0jeder\u00a0Konflikt\u00a0eine\u00a0Chance\u00a0<br \/>zur\u00a0pers\u00f6nlichen\u00a0und zwischenmenschlichen\u00a0Entwicklung\u00a0bietet.<\/h5>\n<h5>Meine\u00a0Herangehensweise\u00a0basiert\u00a0auf\u00a0aktiver\u00a0Zuh\u00f6rf\u00e4higkeit\u00a0und\u00a0<br \/>einem\u00a0tiefen\u00a0Verst\u00e4ndnis\u00a0f\u00fcr\u00a0die\u00a0Dynamiken,\u00a0die\u00a0Konflikte\u00a0<br \/>antreiben.\u00a0Ich\u00a0schaffe\u00a0einen\u00a0sicheren\u00a0Raum,\u00a0in\u00a0dem\u00a0du\u00a0offen\u00a0<br \/>\u00fcber\u00a0deine\u00a0Herausforderungen\u00a0sprechen\u00a0kannst,\u00a0ohne\u00a0Angst\u00a0vor\u00a0<br \/>Verurteilung.\u00a0Durch\u00a0gezielte\u00a0Fragen\u00a0und\u00a0Reflexion\u00a0unterst\u00fctze\u00a0<br \/>ich\u00a0dich,\u00a0deine\u00a0eigenen\u00a0Gedanken\u00a0und\u00a0Gef\u00fchle\u00a0zu\u00a0kl\u00e4ren\u00a0und\u00a0neue\u00a0<br \/>Perspektiven\u00a0zu\u00a0gewinnen.<\/h5>\n<h5>Dar\u00fcber\u00a0hinaus\u00a0lege\u00a0ich\u00a0gro\u00dfen\u00a0Wert\u00a0auf\u00a0die\u00a0individuelle\u00a0Anpassung\u00a0<br \/>meiner\u00a0Coaching-Methoden.\u00a0Mein\u00a0Ziel\u00a0ist\u00a0es,\u00a0dich\u00a0nicht\u00a0nur\u00a0bei\u00a0der\u00a0<br \/>L\u00f6sung\u00a0aktueller\u00a0Konflikte\u00a0zu\u00a0unterst\u00fctzen,\u00a0sondern\u00a0dir\u00a0auch\u00a0<br \/>Werkzeuge\u00a0an\u00a0die\u00a0Hand\u00a0zu\u00a0geben,\u00a0um\u00a0zuk\u00fcnftige\u00a0Herausforderungen\u00a0<br \/>selbstbewusst\u00a0und\u00a0kompetent\u00a0zu\u00a0meistern.<\/h5>\n<h5>Insgesamt\u00a0bin\u00a0ich\u00a0als\u00a0psychologischer\u00a0Konfliktcoach\u00a0jemand,\u00a0der<br \/>mit Leidenschaft und Hingabe arbeitet. Ich glaube an die Kraft\u00a0<br \/>der\u00a0Ver\u00e4nderung\u00a0und\u00a0daran,\u00a0dass\u00a0jeder\u00a0in\u00a0der\u00a0Lage\u00a0ist,\u00a0positive\u00a0<br \/>Ver\u00e4nderungen\u00a0in\u00a0seinem\u00a0Leben\u00a0und\u00a0in\u00a0seinen\u00a0Beziehungen\u00a0herbeizuf\u00fchren.<br \/>Es liegt einfach in meinem Naturell anderen Menschen auf psychologische <br \/>Art und Weise zu helfen :-).\u00a0<\/h5>\t\t\t\t\t\t\t\t<\/div>\n\t\t\t\t<\/div>\n\t\t\t\t\t<\/div>\n\t\t<\/div>\n\t\t\t\t\t<\/div>\n\t\t<\/section>\n\t\t\t\t<section class=\"elementor-section elementor-top-section elementor-element elementor-element-a9446ea elementor-section-boxed elementor-section-height-default elementor-section-height-default\" data-id=\"a9446ea\" data-element_type=\"section\" data-e-type=\"section\">\n\t\t\t\t\t\t<div class=\"elementor-container elementor-column-gap-default\">\n\t\t\t\t\t<div class=\"elementor-column elementor-col-100 elementor-top-column elementor-element elementor-element-160232a\" data-id=\"160232a\" data-element_type=\"column\" data-e-type=\"column\">\n\t\t\t<div class=\"elementor-widget-wrap elementor-element-populated\">\n\t\t\t\t\t\t<div class=\"elementor-element elementor-element-e308265 elementor-widget-divider--view-line elementor-widget elementor-widget-divider\" data-id=\"e308265\" data-element_type=\"widget\" data-e-type=\"widget\" data-widget_type=\"divider.default\">\n\t\t\t\t<div class=\"elementor-widget-container\">\n\t\t\t\t\t\t\t<div class=\"elementor-divider\">\n\t\t\t<span class=\"elementor-divider-separator\">\n\t\t\t\t\t\t<\/span>\n\t\t<\/div>\n\t\t\t\t\t\t<\/div>\n\t\t\t\t<\/div>\n\t\t\t\t\t<\/div>\n\t\t<\/div>\n\t\t\t\t\t<\/div>\n\t\t<\/section>\n\t\t\t\t<section class=\"elementor-section elementor-top-section elementor-element elementor-element-076a38f elementor-section-boxed elementor-section-height-default elementor-section-height-default\" data-id=\"076a38f\" data-element_type=\"section\" data-e-type=\"section\">\n\t\t\t\t\t\t<div class=\"elementor-container elementor-column-gap-default\">\n\t\t\t\t\t<div class=\"elementor-column elementor-col-33 elementor-top-column elementor-element elementor-element-c0fd5b0\" data-id=\"c0fd5b0\" data-element_type=\"column\" data-e-type=\"column\">\n\t\t\t<div class=\"elementor-widget-wrap\">\n\t\t\t\t\t\t\t<\/div>\n\t\t<\/div>\n\t\t\t\t<div class=\"elementor-column elementor-col-66 elementor-top-column elementor-element elementor-element-f579f46\" data-id=\"f579f46\" data-element_type=\"column\" data-e-type=\"column\">\n\t\t\t<div class=\"elementor-widget-wrap\">\n\t\t\t\t\t\t\t<\/div>\n\t\t<\/div>\n\t\t\t\t\t<\/div>\n\t\t<\/section>\n\t\t\t\t<section class=\"elementor-section elementor-top-section elementor-element elementor-element-47d2732 elementor-section-boxed elementor-section-height-default elementor-section-height-default\" data-id=\"47d2732\" data-element_type=\"section\" data-e-type=\"section\">\n\t\t\t\t\t\t<div class=\"elementor-container elementor-column-gap-default\">\n\t\t\t\t\t<div class=\"elementor-column elementor-col-33 elementor-top-column elementor-element elementor-element-8730eda\" data-id=\"8730eda\" data-element_type=\"column\" data-e-type=\"column\">\n\t\t\t<div class=\"elementor-widget-wrap elementor-element-populated\">\n\t\t\t\t\t\t<div class=\"elementor-element elementor-element-5d21647 elementor-widget elementor-widget-heading\" data-id=\"5d21647\" data-element_type=\"widget\" data-e-type=\"widget\" data-widget_type=\"heading.default\">\n\t\t\t\t<div class=\"elementor-widget-container\">\n\t\t\t\t\t<h2 class=\"elementor-heading-title elementor-size-default\"><span style=\"font-family: Roboto, sans-serif;font-size: 25px;font-style: normal;font-weight: 600\">Meine Qualifikation <\/span><\/h2>\t\t\t\t<\/div>\n\t\t\t\t<\/div>\n\t\t\t\t\t<\/div>\n\t\t<\/div>\n\t\t\t\t<div class=\"elementor-column elementor-col-66 elementor-top-column elementor-element elementor-element-eca5c05\" data-id=\"eca5c05\" data-element_type=\"column\" data-e-type=\"column\">\n\t\t\t<div class=\"elementor-widget-wrap elementor-element-populated\">\n\t\t\t\t\t\t<div class=\"elementor-element elementor-element-693ba26 elementor-widget elementor-widget-text-editor\" data-id=\"693ba26\" data-element_type=\"widget\" data-e-type=\"widget\" data-widget_type=\"text-editor.default\">\n\t\t\t\t<div class=\"elementor-widget-container\">\n\t\t\t\t\t\t\t\t\t<ul>\n<li>\n<h5>Studium der Wirtschaftspsychologie B. A.<\/h5>\n<\/li>\n<li>\n<h5>Weiterbildungen: Kommunikation &amp; Konfliktmanagement, Betriebliches Gesundheitsmanagement<\/h5>\n<\/li>\n<li>\n<h5>Psychologisches Coaching seit mehreren Jahren, seit 2019 in der Selbst\u00e4ndigkeit<\/h5>\n<\/li>\n<li>\n<h5>Au\u00dferdem: Mitglied im &#8222;Verband Freier Psychotherapeuten; Heilpraktiker f\u00fcr Psychotherapie und Psychologischer Berater e. V.&#8220;<\/h5>\n<\/li>\n<\/ul>\t\t\t\t\t\t\t\t<\/div>\n\t\t\t\t<\/div>\n\t\t\t\t\t<\/div>\n\t\t<\/div>\n\t\t\t\t\t<\/div>\n\t\t<\/section>\n\t\t\t\t<\/div>\n\t\t","protected":false},"excerpt":{"rendered":"<p>Es ist an der Zeit etwas in uns zu bewegen. Psychologisches Coaching muss raus aus der Schublade und rein in unsere K\u00f6pfe. \u00a0 Simone Pl\u00e4tzm\u00fcller, psychological Coach \u00a0 \u00a0 \u00a0 \u00a0 Sch\u00f6n, dass wir uns kennenlernen! Ich bin Simone. \u00a0 Ich bin Wirtschaftspsychologin, psychological Coach und Inhaberin der Marke Fyll Find your lifelevel\u00ae. Mein Spezialgebiet <a class=\"read-more\" href=\"https:\/\/simone-plaetzmueller.com\/?page_id=45\">READ MORE<\/a><\/p>\n","protected":false},"author":1,"featured_media":0,"parent":0,"menu_order":0,"comment_status":"closed","ping_status":"closed","template":"","meta":{"footnotes":""},"class_list":["post-45","page","type-page","status-publish","hentry"],"_links":{"self":[{"href":"https:\/\/simone-plaetzmueller.com\/index.php?rest_route=\/wp\/v2\/pages\/45","targetHints":{"allow":["GET"]}}],"collection":[{"href":"https:\/\/simone-plaetzmueller.com\/index.php?rest_route=\/wp\/v2\/pages"}],"about":[{"href":"https:\/\/simone-plaetzmueller.com\/index.php?rest_route=\/wp\/v2\/types\/page"}],"author":[{"embeddable":true,"href":"https:\/\/simone-plaetzmueller.com\/index.php?rest_route=\/wp\/v2\/users\/1"}],"replies":[{"embeddable":true,"href":"https:\/\/simone-plaetzmueller.com\/index.php?rest_route=%2Fwp%2Fv2%2Fcomments&post=45"}],"version-history":[{"count":174,"href":"https:\/\/simone-plaetzmueller.com\/index.php?rest_route=\/wp\/v2\/pages\/45\/revisions"}],"predecessor-version":[{"id":531,"href":"https:\/\/simone-plaetzmueller.com\/index.php?rest_route=\/wp\/v2\/pages\/45\/revisions\/531"}],"wp:attachment":[{"href":"https:\/\/simone-plaetzmueller.com\/index.php?rest_route=%2Fwp%2Fv2%2Fmedia&parent=45"}],"curies":[{"name":"wp","href":"https:\/\/api.w.org\/{rel}","templated":true}]}}