{"id":10,"date":"2019-12-31T11:16:02","date_gmt":"2019-12-31T11:16:02","guid":{"rendered":"http:\/\/simone-plaetzmueller.com\/?page_id=10"},"modified":"2019-12-31T11:16:02","modified_gmt":"2019-12-31T11:16:02","slug":"datenschutz","status":"publish","type":"page","link":"https:\/\/simone-plaetzmueller.com\/?page_id=10","title":{"rendered":"Datenschutz"},"content":{"rendered":"<p><br>\n<!--StartFragment--><\/p>\n\n\n<p>Allgemeiner Hinweis und Pflichtinformationen<\/p>\n\n\n\n<p>Benennung der verantwortlichen Stelle<\/p>\n\n\n\n<p>Die verantwortliche Stelle f\u00fcr die Datenverarbeitung auf\ndieser Website ist:<\/p>\n\n\n\n<p>Simone Pl\u00e4tzm\u00fcller Coaching<br>Simone Pl\u00e4tzm\u00fcller<br>Gro\u00dfer Berg 39<br>48341 Altenberge<\/p>\n\n\n\n<p>Die verantwortliche Stelle entscheidet allein oder gemeinsam\nmit anderen \u00fcber die Zwecke und Mittel der Verarbeitung von personenbezogenen\nDaten (z.B. Namen, Kontaktdaten o. \u00c4.).<\/p>\n\n\n\n<p>Widerruf Ihrer Einwilligung zur Datenverarbeitung<\/p>\n\n\n\n<p>Nur mit Ihrer ausdr\u00fccklichen Einwilligung sind einige\nVorg\u00e4nge der Datenverarbeitung m\u00f6glich. Ein Widerruf Ihrer bereits erteilten\nEinwilligung ist jederzeit m\u00f6glich. F\u00fcr den Widerruf gen\u00fcgt eine formlose\nMitteilung per E-Mail. Die Rechtm\u00e4\u00dfigkeit der bis zum Widerruf erfolgten\nDatenverarbeitung bleibt vom Widerruf unber\u00fchrt.<\/p>\n\n\n\n<p>Recht auf Beschwerde bei der zust\u00e4ndigen Aufsichtsbeh\u00f6rde<\/p>\n\n\n\n<p>Als Betroffener steht Ihnen im Falle eines\ndatenschutzrechtlichen Versto\u00dfes ein Beschwerderecht bei der zust\u00e4ndigen\nAufsichtsbeh\u00f6rde zu. Zust\u00e4ndige Aufsichtsbeh\u00f6rde bez\u00fcglich\ndatenschutzrechtlicher Fragen ist der Landesdatenschutzbeauftragte des\nBundeslandes, in dem sich der Sitz unseres Unternehmens befindet. Der folgende\nLink stellt eine Liste der Datenschutzbeauftragten sowie deren Kontaktdaten\nbereit:\nhttps:\/\/www.bfdi.bund.de\/DE\/Infothek\/Anschriften_Links\/anschriften_links-node.html.<\/p>\n\n\n\n<p>Recht auf Daten\u00fcbertragbarkeit<\/p>\n\n\n\n<p>Ihnen steht das Recht zu, Daten, die wir auf Grundlage Ihrer\nEinwilligung oder in Erf\u00fcllung eines Vertrags automatisiert verarbeiten, an\nsich oder an Dritte aush\u00e4ndigen zu lassen. Die Bereitstellung erfolgt in einem\nmaschinenlesbaren Format. Sofern Sie die direkte \u00dcbertragung der Daten an einen\nanderen Verantwortlichen verlangen, erfolgt dies nur, soweit es technisch\nmachbar ist.<\/p>\n\n\n\n<p>Recht auf Auskunft, Berichtigung, Sperrung, L\u00f6schung<\/p>\n\n\n\n<p>Sie haben jederzeit im Rahmen der geltenden gesetzlichen\nBestimmungen das Recht auf unentgeltliche Auskunft \u00fcber Ihre gespeicherten\npersonenbezogenen Daten, Herkunft der Daten, deren Empf\u00e4nger und den Zweck der\nDatenverarbeitung und ggf. ein Recht auf Berichtigung, Sperrung oder L\u00f6schung\ndieser Daten. Diesbez\u00fcglich und auch zu weiteren Fragen zum Thema\npersonenbezogene Daten k\u00f6nnen Sie sich jederzeit \u00fcber die im Impressum\naufgef\u00fchrten Kontaktm\u00f6glichkeiten an uns wenden.<\/p>\n\n\n\n<p>SSL- bzw. TLS-Verschl\u00fcsselung<\/p>\n\n\n\n<p>Aus Sicherheitsgr\u00fcnden und zum Schutz der \u00dcbertragung\nvertraulicher Inhalte, die Sie an uns als Seitenbetreiber senden, nutzt unsere\nWebsite eine SSL-bzw. TLS-Verschl\u00fcsselung. Damit sind Daten, die Sie \u00fcber diese\nWebsite \u00fcbermitteln, f\u00fcr Dritte nicht mitlesbar. Sie erkennen eine\nverschl\u00fcsselte Verbindung an der \u201ehttps:\/\/\u201c Adresszeile Ihres Browsers und am\nSchloss-Symbol in der Browserzeile.<\/p>\n\n\n\n<p>Server-Log-Dateien<\/p>\n\n\n\n<p>In Server-Log-Dateien erhebt und speichert der Provider der\nWebsite automatisch Informationen, die Ihr Browser automatisch an uns\n\u00fcbermittelt. Dies sind:<\/p>\n\n\n\n<p>\u2022Besuchte Seite auf unserer Domain<br>\u2022Datum und Uhrzeit der Serveranfrage<br>\u2022Browsertyp und Browserversion<br>\u2022Verwendetes Betriebssystem<br>\u2022Referrer URL<br>\u2022Hostname des zugreifenden Rechners<br>\u2022IP-Adresse<\/p>\n\n\n\n<p>Es findet keine Zusammenf\u00fchrung dieser Daten mit anderen\nDatenquellen statt. Grundlage der Datenverarbeitung bildet Art. 6 Abs. 1 lit. b\nDSGVO, der die Verarbeitung von Daten zur Erf\u00fcllung eines Vertrags oder\nvorvertraglicher Ma\u00dfnahmen gestattet.<\/p>\n\n\n\n<p>Daten\u00fcbermittlung bei Vertragsschluss f\u00fcr Warenkauf und\nWarenversand<\/p>\n\n\n\n<p>Personenbezogene Daten werden nur an Dritte nur \u00fcbermittelt,\nsofern eine Notwendigkeit im Rahmen der Vertragsabwicklung besteht. Dritte k\u00f6nnen\nbeispielsweise Bezahldienstleister oder Logistikunternehmen sein. Eine\nweitergehende \u00dcbermittlung der Daten findet nicht statt bzw. nur dann, wenn Sie\ndieser ausdr\u00fccklich zugestimmt haben.<\/p>\n\n\n\n<p>Grundlage f\u00fcr die Datenverarbeitung ist Art. 6 Abs. 1 lit. b\nDSGVO, der die Verarbeitung von Daten zur Erf\u00fcllung eines Vertrags oder\nvorvertraglicher Ma\u00dfnahmen gestattet.<\/p>\n\n\n\n<p>Registrierung auf dieser Website<\/p>\n\n\n\n<p>Zur Nutzung bestimmter Funktionen k\u00f6nnen Sie sich auf\nunserer Website registrieren. Die \u00fcbermittelten Daten dienen ausschlie\u00dflich zum\nZwecke der Nutzung des jeweiligen Angebotes oder Dienstes. Bei der\nRegistrierung abgefragte Pflichtangaben sind vollst\u00e4ndig anzugeben. Andernfalls\nwerden wir die Registrierung ablehnen.<\/p>\n\n\n\n<p>Im Falle wichtiger \u00c4nderungen, etwa aus technischen Gr\u00fcnden,\ninformieren wir Sie per E-Mail. Die E-Mail wird an die Adresse versendet, die\nbei der Registrierung angegeben wurde.<\/p>\n\n\n\n<p>Die Verarbeitung der bei der Registrierung eingegebenen\nDaten erfolgt auf Grundlage Ihrer Einwilligung (Art. 6 Abs. 1 lit. a DSGVO).\nEin Widerruf Ihrer bereits erteilten Einwilligung ist jederzeit m\u00f6glich. F\u00fcr\nden Widerruf gen\u00fcgt eine formlose Mitteilung per E-Mail. Die Rechtm\u00e4\u00dfigkeit der\nbereits erfolgten Datenverarbeitung bleibt vom Widerruf unber\u00fchrt.<\/p>\n\n\n\n<p>Wir speichern die bei der Registrierung erfassten Daten\nw\u00e4hrend des Zeitraums, den Sie auf unserer Website registriert sind. Ihren\nDaten werden gel\u00f6scht, sollten Sie Ihre Registrierung aufheben. Gesetzliche\nAufbewahrungsfristen bleiben unber\u00fchrt.<\/p>\n\n\n\n<p>Kontaktformular<\/p>\n\n\n\n<p>Per Kontaktformular \u00fcbermittelte Daten werden einschlie\u00dflich\nIhrer Kontaktdaten gespeichert, um Ihre Anfrage bearbeiten zu k\u00f6nnen oder um\nf\u00fcr Anschlussfragen bereitzustehen. Eine Weitergabe dieser Daten findet ohne\nIhre Einwilligung nicht statt.<\/p>\n\n\n\n<p>Die Verarbeitung der in das Kontaktformular eingegebenen\nDaten erfolgt ausschlie\u00dflich auf Grundlage Ihrer Einwilligung (Art. 6 Abs. 1\nlit. a DSGVO). Ein Widerruf Ihrer bereits erteilten Einwilligung ist jederzeit\nm\u00f6glich. F\u00fcr den Widerruf gen\u00fcgt eine formlose Mitteilung per E-Mail. Die\nRechtm\u00e4\u00dfigkeit der bis zum Widerruf erfolgten Datenverarbeitungsvorg\u00e4nge bleibt\nvom Widerruf unber\u00fchrt.<\/p>\n\n\n\n<p>\u00dcber das Kontaktformular \u00fcbermittelte Daten verbleiben bei\nuns, bis Sie uns zur L\u00f6schung auffordern, Ihre Einwilligung zur Speicherung widerrufen\noder keine Notwendigkeit der Datenspeicherung mehr besteht. Zwingende\ngesetzliche Bestimmungen &#8211; insbesondere Aufbewahrungsfristen &#8211; bleiben\nunber\u00fchrt.<\/p>\n\n\n\n<p>Speicherdauer von Beitr\u00e4gen und Kommentaren<\/p>\n\n\n\n<p>Beitr\u00e4ge und Kommentare sowie damit in Verbindung stehende\nDaten, wie beispielsweise IP-Adressen, werden gespeichert. Der Inhalt verbleibt\nauf unserer Website, bis er vollst\u00e4ndig gel\u00f6scht wurde oder aus rechtlichen\nGr\u00fcnden gel\u00f6scht werden musste.<\/p>\n\n\n\n<p>Die Speicherung der Beitr\u00e4ge und Kommentare erfolgt auf\nGrundlage Ihrer Einwilligung (Art. 6 Abs. 1 lit. a DSGVO). Ein Widerruf Ihrer\nbereits erteilten Einwilligung ist jederzeit m\u00f6glich. F\u00fcr den Widerruf gen\u00fcgt\neine formlose Mitteilung per E-Mail. Die Rechtm\u00e4\u00dfigkeit bereits erfolgter\nDatenverarbeitungsvorg\u00e4nge bleibt vom Widerruf unber\u00fchrt.<\/p>\n\n\n\n<p>Abonnieren von Kommentaren<\/p>\n\n\n\n<p>Sie k\u00f6nnen als Nutzer unserer Website nach erfolgter\nAnmeldung Kommentare abonnieren. Mit einer Best\u00e4tigungs-E-Mail pr\u00fcfen wir, ob\nSie der Inhaber der angegebenen E-Mail-Adresse sind. Sie k\u00f6nnen die\nAbo-Funktion f\u00fcr Kommentare jederzeit \u00fcber einen Link,der sich in einer\nAbo-Mail befindet, abbestellen. Zur Einrichtung des Abonnements eingegebene\nDaten werden im Falle der Abmeldung gel\u00f6scht. Sollten diese Daten f\u00fcr andere\nZwecke und an anderer Stelle an uns \u00fcbermittelt worden sein, verbleiben\ndieseweiterhin bei uns.<\/p>\n\n\n\n<p>Newsletter-Daten<\/p>\n\n\n\n<p>Zum Versenden unseres Newsletters ben\u00f6tigen wir von Ihnen\neine E-Mail-Adresse. Eine Verifizierung der angegebenen E-Mail-Adresse ist\nnotwendig und der Empfang des Newsletters ist einzuwilligen. Erg\u00e4nzende Daten\nwerden nicht erhoben oder sind freiwillig.Die Verwendung der Daten erfolgt\nausschlie\u00dflich f\u00fcr den Versand des Newsletters.<\/p>\n\n\n\n<p>Die bei der Newsletteranmeldung gemachten Daten werden\nausschlie\u00dflich auf Grundlage Ihrer Einwilligung (Art. 6 Abs. 1 lit. a DSGVO)\nverarbeitet. Ein Widerruf Ihrer bereits erteilten Einwilligung ist jederzeit\nm\u00f6glich. F\u00fcr den Widerruf gen\u00fcgt eine formloseMitteilung per E-Mail oder Sie\nmelden sich \u00fcber den &#8222;Austragen&#8220;-Link im Newsletter ab. Die\nRechtm\u00e4\u00dfigkeit der bereits erfolgten Datenverarbeitungsvorg\u00e4nge bleibt vom\nWiderruf unber\u00fchrt.<\/p>\n\n\n\n<p>Zur Einrichtung des Abonnements eingegebene Daten werden im\nFalle der Abmeldung gel\u00f6scht. Sollten diese Daten f\u00fcr andere Zwecke und an\nanderer Stelle an uns \u00fcbermittelt worden sein, verbleiben diese weiterhin bei\nuns.<\/p>\n\n\n\n<p>YouTube<\/p>\n\n\n\n<p>F\u00fcr Integration und Darstellung von Videoinhalten nutzt\nunsere Website Plugins von YouTube. Anbieter des Videoportals ist die YouTube,\nLLC, 901 Cherry Ave., San Bruno, CA 94066, USA.<\/p>\n\n\n\n<p>Bei Aufruf einer Seite mit integriertem YouTube-Plugin wird\neine Verbindung zu den Servern von YouTube hergestellt. YouTube erf\u00e4hrt\nhierdurch, welche unserer Seiten Sie aufgerufen haben.<\/p>\n\n\n\n<p>YouTube kann Ihr Surfverhalten direkt Ihrem pers\u00f6nlichen\nProfil zuzuordnen, sollten Sie in Ihrem YouTube Konto eingeloggt sein. Durch\nvorheriges Ausloggen haben Sie die M\u00f6glichkeit, dies zu unterbinden.<\/p>\n\n\n\n<p>Die Nutzung von YouTube erfolgt im Interesse einer\nansprechenden Darstellung unserer Online-Angebote. Dies stellt ein berechtigtes\nInteresse im Sinne von Art. 6 Abs. 1 lit. f DSGVO dar.<\/p>\n\n\n\n<p>Einzelheiten zum Umgang mit Nutzerdaten finden Sie in der\nDatenschutzerkl\u00e4rung von YouTube unter: https:\/\/www.google.de\/intl\/de\/policies\/privacy.<\/p>\n\n\n\n<p>Vimeo<\/p>\n\n\n\n<p>F\u00fcr Integration und Darstellung von Videoinhalten nutzt\nunsere Website Plugins von Vimeo. Anbieter des Videoportals ist die Vimeo Inc.,\n555 West 18th Street, New York, New York 10011, USA.<\/p>\n\n\n\n<p>Bei Aufruf einer Seite mit integriertem Vimeo-Plugin wird\neine Verbindung zu den Servern von Vimeo hergestellt. Vimeo erf\u00e4hrt hierdurch,\nwelche unserer Seiten Sie aufgerufen haben. Vimeo erf\u00e4hrt Ihre IP-Adresse,\nselbst wenn Sie nicht beim Videoportaleingeloggt sind oder dort kein Konto\nbesitzen. Es erfolgt eine \u00dcbermittlung der von Vimeo erfassten Informationen an\nServer des Videoportals in den USA.<\/p>\n\n\n\n<p>Vimeo kann Ihr Surfverhalten direkt Ihrem pers\u00f6nlichen\nProfil zuordnen. Durch vorheriges Ausloggen haben Sie die M\u00f6glichkeit, dies zu\nunterbinden.<\/p>\n\n\n\n<p>Einzelheiten zum Umgang mit Nutzerdaten finden Sie in der\nDatenschutzerkl\u00e4rung von Vimeo unter: https:\/\/vimeo.com\/privacy.<\/p>\n\n\n\n<p>Cookies<\/p>\n\n\n\n<p>Unsere Website verwendet Cookies. Das sind kleine\nTextdateien, die Ihr Webbrowser auf Ihrem Endger\u00e4t speichert. Cookies helfen\nuns dabei, unser Angebot nutzerfreundlicher, effektiver und sicherer zu machen.\n<\/p>\n\n\n\n<p>Einige\nCookies sind \u201cSession-Cookies.\u201d Solche Cookies werden nach Ende Ihrer\nBrowser-Sitzung von selbst gel\u00f6scht. Hingegen bleiben andere Cookies auf Ihrem\nEndger\u00e4t bestehen, bis Sie diese selbst l\u00f6schen. Solche Cookies helfen uns, Sie\nbei R\u00fcckkehr auf unserer Website wiederzuerkennen.<\/p>\n\n\n\n<p>Mit einem modernen Webbrowser k\u00f6nnen Sie das Setzen von\nCookies \u00fcberwachen, einschr\u00e4nken oder unterbinden. Viele Webbrowser lassen sich\nso konfigurieren, dass Cookies mit dem Schlie\u00dfen des Programms von selbst\ngel\u00f6scht werden. Die Deaktivierung von Cookies kann eine eingeschr\u00e4nkte\nFunktionalit\u00e4t unserer Website zur Folge haben.<\/p>\n\n\n\n<p>Das Setzen von Cookies, die zur Aus\u00fcbung elektronischer\nKommunikationsvorg\u00e4nge oder der Bereitstellung bestimmter, von Ihnen\nerw\u00fcnschter Funktionen (z.B. Warenkorb) notwendig sind, erfolgt auf Grundlage\nvon Art. 6 Abs. 1 lit. f DSGVO. Als Betreiber dieser Website haben wir ein\nberechtigtes Interesse an der Speicherung von Cookies zur technisch\nfehlerfreien und reibungslosen Bereitstellung unserer Dienste. Sofern die\nSetzung anderer Cookies (z.B. f\u00fcr Analyse-Funktionen) erfolgt, werden diese in\ndieser Datenschutzerkl\u00e4rung separat behandelt.<\/p>\n\n\n\n<p>PayPal<\/p>\n\n\n\n<p>Unsere Website erm\u00f6glicht die Bezahlung via PayPal. Anbieter\ndes Bezahldienstes ist die PayPal (Europe) S.\u00e0.r.l. et Cie, S.C.A., 22-24\nBoulevard Royal, L-2449 Luxembourg.<\/p>\n\n\n\n<p>Wenn Sie mit PayPal bezahlen, erfolgt eine \u00dcbermittlung der\nvon Ihnen eingegebenen Zahlungsdaten an PayPal.<\/p>\n\n\n\n<p>Die \u00dcbermittlung Ihrer Daten an PayPal erfolgt auf Grundlage\nvon Art. 6 Abs. 1 lit. a DSGVO (Einwilligung) und Art. 6 Abs. 1 lit. b DSGVO\n(Verarbeitung zur Erf\u00fcllung eines Vertrags). Ein Widerruf Ihrer bereits\nerteilten Einwilligung ist jederzeit m\u00f6glich. In der Vergangenheit liegende\nDatenverarbeitungsvorg\u00e4nge bleiben bei einem Widerruf wirksam.<\/p>\n\n\n\n<p>Google AdSense<\/p>\n\n\n\n<p>Unsere Website verwendet Google AdSense. Anbieter ist die\nGoogle Inc., 1600 Amphitheatre Parkway, Mountain View, CA 94043, USA.<\/p>\n\n\n\n<p>Google AdSense dient der Einbindung von Werbeanzeigen und\nsetzt Cookies. Cookies sind kleine Textdateien, die Ihr Webbrowser auf Ihrem\nEndger\u00e4t speichert, um die Nutzung der Website analysieren. Google AdSense\nsetzt au\u00dferdem Web Beacons ein. Web Beaconssind unsichtbare Grafiken, die eine\nAnalyse des Besucherverkehrs auf unserer Wesite erm\u00f6glichen.<\/p>\n\n\n\n<p>Durch Cookies und Web Beacons erzeugten Informationen werden\nan Server von Google \u00fcbertragen und dort gespeichert. Serverstandort sind die\nUSA. Google kann diese Informationen an Vertragspartner weiterreichen. Ihre\nIP-Adresse wird Google jedoch nichtmit anderen von Ihnen gespeicherten Daten\nzusammenf\u00fchren.<\/p>\n\n\n\n<p>Die Speicherung von AdSense-Cookies erfolgt auf Grundlage\nvon Art. 6 Abs. 1 lit. f DSGVO. Wir als Websitebetreiber haben ein berechtigtes\nInteresse an der Analyse des Nutzerverhaltens, um unser Webangebot und unsere\nWerbung zu optimieren.<\/p>\n\n\n\n<p>Mit einem modernen Webbrowser k\u00f6nnen Sie das Setzen von\nCookies \u00fcberwachen, einschr\u00e4nken und unterbinden. Die Deaktivierung von Cookies\nkann eine eingeschr\u00e4nkte Funktionalit\u00e4t unserer Website zur Folge haben. Durch\ndie Nutzung unserer Website erkl\u00e4ren Sie sich mit der Bearbeitung der \u00fcber Sie\nerhobenen Daten durch Google in der zuvor beschriebenen Art und Weise sowie dem\nzuvor benannten Zweck einverstanden.<\/p>\n\n\n\n<p>Google\nAdWords und Google Conversion-Tracking<\/p>\n\n\n\n<p>Unsere Website verwendet Google AdWords. Anbieter ist die Google Inc., 1600 Amphitheatre\nParkway, Mountain View, CA 94043, United States.<\/p>\n\n\n\n<p>AdWords ist ein Online-Werbeprogramm. Im Rahmen des\nOnline-Werbeprogramms arbeiten wir mit Conversion-Tracking. Nach einem Klick\nauf eine von Google geschaltete Anzeige wird ein Cookie f\u00fcr das\nConversion-Tracking gesetzt. Cookies sind kleine Textdateien, die Ihr\nWebbrowser auf Ihrem Endger\u00e4t speichert. Google AdWords Cookies verlieren nach\n30 Tagen ihre G\u00fcltigkeit und dienen nicht der pers\u00f6nlichen Identifizierung der\nNutzer. Am Cookie k\u00f6nnen Google und wir erkennen, dass Sie auf eine Anzeige\ngeklickt haben und zu unserer Website weitergeleitet wurden.<\/p>\n\n\n\n<p>Jeder Google AdWords-Kunde erh\u00e4lt ein anderes Cookie. Die\nCookies sind nicht \u00fcber Websites von AdWords-Kunden nachverfolgbar. Mit\nConversion-Cookies werden Conversion-Statistiken f\u00fcr AdWords-Kunden, die\nConversion-Tracking einsetzen, erstellt. Adwords-Kundenerfahren wie viele\nNutzer auf ihre Anzeige geklickt haben und auf Seiten mit\nConversion-Tracking-Tag weitergeleitet wurden. AdWords-Kunden erhalten jedoch\nkeine Informationen, die eine pers\u00f6nliche Identifikation der Nutzer\nerm\u00f6glichen. Wenn Sie nicht am Tracking teilnehmen m\u00f6chten, k\u00f6nnen Sie einer\nNutzung widersprechen. Hier ist das Conversion-Cookie in den\nNutzereinstellungen des Browsers zu deaktivieren. So findet auch keine Aufnahme\nin die Conversion-Tracking Statistiken statt.<\/p>\n\n\n\n<p>Die Speicherung von \u201cConversion-Cookies\u201d erfolgt auf\nGrundlage von Art. 6 Abs. 1 lit. f DSGVO. Wir als Websitebetreiber haben ein\nberechtigtes Interesse an der Analyse des Nutzerverhaltens, um unser Webangebot\nund unsere Werbung zu optimieren.<\/p>\n\n\n\n<p>Einzelheiten zu Google AdWords und Google\nConversion-Tracking finden Sie in den Datenschutzbestimmungen von Google:\nhttps:\/\/www.google.de\/policies\/privacy\/.<\/p>\n\n\n\n<p>Mit einem modernen Webbrowser k\u00f6nnen Sie das Setzen von\nCookies \u00fcberwachen, einschr\u00e4nken oder unterbinden. Die Deaktivierung von\nCookies kann eine eingeschr\u00e4nkte Funktionalit\u00e4t unserer Website zur Folge\nhaben.<\/p>\n\n\n\n<p>Quelle: Datenschutz-Konfigurator von\nmein-datenschutzbeauftragter.de<\/p>\n\n\n<p><!--EndFragment--><br>\n<br>\n<\/p>","protected":false},"excerpt":{"rendered":"<p>Allgemeiner Hinweis und Pflichtinformationen Benennung der verantwortlichen Stelle Die verantwortliche Stelle f\u00fcr die Datenverarbeitung auf dieser Website ist: Simone Pl\u00e4tzm\u00fcller CoachingSimone Pl\u00e4tzm\u00fcllerGro\u00dfer Berg 3948341 Altenberge Die verantwortliche Stelle entscheidet allein oder gemeinsam mit anderen \u00fcber die Zwecke und Mittel der Verarbeitung von personenbezogenen Daten (z.B. Namen, Kontaktdaten o. \u00c4.). Widerruf Ihrer Einwilligung zur Datenverarbeitung Nur <a class=\"read-more\" href=\"https:\/\/simone-plaetzmueller.com\/?page_id=10\">READ MORE<\/a><\/p>\n","protected":false},"author":1,"featured_media":0,"parent":0,"menu_order":0,"comment_status":"closed","ping_status":"closed","template":"","meta":{"footnotes":""},"class_list":["post-10","page","type-page","status-publish","hentry"],"_links":{"self":[{"href":"https:\/\/simone-plaetzmueller.com\/index.php?rest_route=\/wp\/v2\/pages\/10","targetHints":{"allow":["GET"]}}],"collection":[{"href":"https:\/\/simone-plaetzmueller.com\/index.php?rest_route=\/wp\/v2\/pages"}],"about":[{"href":"https:\/\/simone-plaetzmueller.com\/index.php?rest_route=\/wp\/v2\/types\/page"}],"author":[{"embeddable":true,"href":"https:\/\/simone-plaetzmueller.com\/index.php?rest_route=\/wp\/v2\/users\/1"}],"replies":[{"embeddable":true,"href":"https:\/\/simone-plaetzmueller.com\/index.php?rest_route=%2Fwp%2Fv2%2Fcomments&post=10"}],"version-history":[{"count":2,"href":"https:\/\/simone-plaetzmueller.com\/index.php?rest_route=\/wp\/v2\/pages\/10\/revisions"}],"predecessor-version":[{"id":12,"href":"https:\/\/simone-plaetzmueller.com\/index.php?rest_route=\/wp\/v2\/pages\/10\/revisions\/12"}],"wp:attachment":[{"href":"https:\/\/simone-plaetzmueller.com\/index.php?rest_route=%2Fwp%2Fv2%2Fmedia&parent=10"}],"curies":[{"name":"wp","href":"https:\/\/api.w.org\/{rel}","templated":true}]}}